{"id":2051,"date":"2024-10-01T09:20:41","date_gmt":"2024-10-01T07:20:41","guid":{"rendered":"https:\/\/www.panorama-plus.pl\/sklep\/?post_type=product&#038;p=2051"},"modified":"2024-10-01T13:01:39","modified_gmt":"2024-10-01T11:01:39","slug":"hala-8-x-20-x-30-blacha","status":"publish","type":"product","link":"https:\/\/www.panorama-plus.pl\/sklep\/produkt\/hala-8-x-20-x-30-blacha\/","title":{"rendered":"Hala 8 x 20 x 3,0 Blacha"},"content":{"rendered":"<p><strong>Podana cena zawiera 1szt rolowania.<\/strong><\/p>\n<p><strong>Do ceny nale\u017cy doliczy\u0107 podatek VAT.<\/strong><\/p>\n<p><strong>Konstrukcja:<\/strong><\/p>\n<p>Wykonana z profili stalowych ocynkowanych ogniowo lub aluminiowych.<br \/>\nHala mocowana jest ko\u0142kami rozporowymi lub szpilami stalowymi do wcze\u015bniej przygotowanego pod\u0142o\u017ca, wewn\u0105trz hali nie ma \u017cadnych podp\u00f3r.<br \/>\nKonstrukcja hali przenosi 25 \u2013 50kg\/m2 obci\u0105\u017cenia \u015bniegiem, oraz normowe obci\u0105\u017cenie wiatrem (I strefa, teren B)<\/p>\n<p><strong>Pokrycie:<\/strong><\/p>\n<ul>\n<li>Dach &#8211; materia\u0142 PCV o gramaturze 650g\/m2, posiada atest trudnopalno\u015bci wydany przez ITB &#8211; zgodny z norm\u0105 DIN 4102 B1, Kolor \u2013 bia\u0142y.<\/li>\n<li>\u015aciany \u2013 blacha trapezowa T 18<\/li>\n<li>Termin wykonania: do uzgodnienia<\/li>\n<\/ul>\n<p><strong>Gwarancja:<\/strong><\/p>\n<p>24 miesi\u0119cy, gwarancja obejmuje jako\u015b\u0107 materia\u0142\u00f3w u\u017cytych do produkcji i techniczne wykonanie; uszkodzenia powsta\u0142e podczas niew\u0142a\u015bciwej eksploatacji nie podlegaj\u0105 gwarancji.<\/p>\n<p><strong>Serwis gwarancyjny i pogwarancyjny:<\/strong><\/p>\n<ul>\n<li>naprawa uszkodzonych element\u00f3w konstrukcyjnych,<\/li>\n<li>naprawa uszkodzonego materia\u0142u PCV,<\/li>\n<li>wymiana element\u00f3w uszkodzonych.<\/li>\n<\/ul>\n<p>&nbsp;<\/p>\n<p style=\"text-align: center;\">W razie jakichkolwiek pyta\u0144 prosz\u0119 o kontakt<br \/>\nPanorama+<br \/>\nAndrzej Koz\u0142owski<br \/>\nTel. <a href=\"tel:602320270\">602-320-270<\/a><\/p>\n","protected":false},"excerpt":{"rendered":"<p><strong>Podana cena zawiera 1szt rolowania.<\/strong><\/p>\n<p><strong>Do ceny nale\u017cy doliczy\u0107 podatek VAT.<\/strong><\/p>\n","protected":false},"featured_media":2053,"template":"","meta":{"_uag_custom_page_level_css":"","site-sidebar-layout":"default","site-content-layout":"content-boxed-container","ast-site-content-layout":"normal-width-container","site-content-style":"boxed","site-sidebar-style":"unboxed","ast-global-header-display":"","ast-banner-title-visibility":"","ast-main-header-display":"","ast-hfb-above-header-display":"","ast-hfb-below-header-display":"","ast-hfb-mobile-header-display":"","site-post-title":"","ast-breadcrumbs-content":"","ast-featured-img":"","footer-sml-layout":"","theme-transparent-header-meta":"default","adv-header-id-meta":"","stick-header-meta":"","header-above-stick-meta":"","header-main-stick-meta":"","header-below-stick-meta":"","astra-migrate-meta-layouts":"set","ast-page-background-enabled":"default","ast-page-background-meta":{"desktop":{"background-color":"var(--ast-global-color-4)","background-image":"","background-repeat":"repeat","background-position":"center center","background-size":"auto","background-attachment":"scroll","background-type":"","background-media":"","overlay-type":"","overlay-color":"","overlay-opacity":"","overlay-gradient":""},"tablet":{"background-color":"","background-image":"","background-repeat":"repeat","background-position":"center center","background-size":"auto","background-attachment":"scroll","background-type":"","background-media":"","overlay-type":"","overlay-color":"","overlay-opacity":"","overlay-gradient":""},"mobile":{"background-color":"","background-image":"","background-repeat":"repeat","background-position":"center center","background-size":"auto","background-attachment":"scroll","background-type":"","background-media":"","overlay-type":"","overlay-color":"","overlay-opacity":"","overlay-gradient":""}},"ast-content-background-meta":{"desktop":{"background-color":"var(--ast-global-color-5)","background-image":"","background-repeat":"repeat","background-position":"center center","background-size":"auto","background-attachment":"scroll","background-type":"","background-media":"","overlay-type":"","overlay-color":"","overlay-opacity":"","overlay-gradient":""},"tablet":{"background-color":"var(--ast-global-color-5)","background-image":"","background-repeat":"repeat","background-position":"center center","background-size":"auto","background-attachment":"scroll","background-type":"","background-media":"","overlay-type":"","overlay-color":"","overlay-opacity":"","overlay-gradient":""},"mobile":{"background-color":"var(--ast-global-color-5)","background-image":"","background-repeat":"repeat","background-position":"center center","background-size":"auto","background-attachment":"scroll","background-type":"","background-media":"","overlay-type":"","overlay-color":"","overlay-opacity":"","overlay-gradient":""}}},"product_cat":[31],"product_tag":[],"class_list":{"0":"post-2051","1":"product","2":"type-product","3":"status-publish","4":"has-post-thumbnail","6":"product_cat-hale-namiotowe","7":"desktop-align-left","8":"tablet-align-left","9":"mobile-align-left","11":"first","12":"instock","13":"taxable","14":"shipping-taxable","15":"purchasable","16":"product-type-simple"},"yoast_head":"<!-- This site is optimized with the Yoast SEO plugin v23.9 - https:\/\/yoast.com\/wordpress\/plugins\/seo\/ -->\n<title>Hala 8 x 20 x 3,0 Blacha - PanoramaPlus Sklep<\/title>\n<meta name=\"robots\" content=\"index, follow, max-snippet:-1, max-image-preview:large, max-video-preview:-1\" \/>\n<link rel=\"canonical\" href=\"https:\/\/www.panorama-plus.pl\/sklep\/produkt\/hala-8-x-20-x-30-blacha\/\" \/>\n<meta property=\"og:locale\" content=\"pl_PL\" \/>\n<meta property=\"og:type\" content=\"article\" \/>\n<meta property=\"og:title\" content=\"Hala 8 x 20 x 3,0 Blacha - PanoramaPlus Sklep\" \/>\n<meta property=\"og:description\" content=\"Podana cena zawiera 1szt rolowania.  Do ceny nale\u017cy doliczy\u0107 podatek VAT.\" \/>\n<meta property=\"og:url\" content=\"https:\/\/www.panorama-plus.pl\/sklep\/produkt\/hala-8-x-20-x-30-blacha\/\" \/>\n<meta property=\"og:site_name\" content=\"PanoramaPlus Sklep\" \/>\n<meta property=\"article:modified_time\" content=\"2024-10-01T11:01:39+00:00\" \/>\n<meta property=\"og:image\" content=\"https:\/\/www.panorama-plus.pl\/sklep\/wp-content\/uploads\/hala-8-x-20-x-30-blacha.jpg\" \/>\n\t<meta property=\"og:image:width\" content=\"900\" \/>\n\t<meta property=\"og:image:height\" content=\"900\" \/>\n\t<meta property=\"og:image:type\" content=\"image\/jpeg\" \/>\n<meta name=\"twitter:card\" content=\"summary_large_image\" \/>\n<meta name=\"twitter:label1\" content=\"Szacowany czas czytania\" \/>\n\t<meta name=\"twitter:data1\" content=\"1 minuta\" \/>\n<script type=\"application\/ld+json\" class=\"yoast-schema-graph\">{\"@context\":\"https:\/\/schema.org\",\"@graph\":[{\"@type\":\"WebPage\",\"@id\":\"https:\/\/www.panorama-plus.pl\/sklep\/produkt\/hala-8-x-20-x-30-blacha\/\",\"url\":\"https:\/\/www.panorama-plus.pl\/sklep\/produkt\/hala-8-x-20-x-30-blacha\/\",\"name\":\"Hala 8 x 20 x 3,0 Blacha - PanoramaPlus Sklep\",\"isPartOf\":{\"@id\":\"https:\/\/www.panorama-plus.pl\/sklep\/#website\"},\"primaryImageOfPage\":{\"@id\":\"https:\/\/www.panorama-plus.pl\/sklep\/produkt\/hala-8-x-20-x-30-blacha\/#primaryimage\"},\"image\":{\"@id\":\"https:\/\/www.panorama-plus.pl\/sklep\/produkt\/hala-8-x-20-x-30-blacha\/#primaryimage\"},\"thumbnailUrl\":\"https:\/\/www.panorama-plus.pl\/sklep\/wp-content\/uploads\/hala-8-x-20-x-30-blacha.jpg\",\"datePublished\":\"2024-10-01T07:20:41+00:00\",\"dateModified\":\"2024-10-01T11:01:39+00:00\",\"breadcrumb\":{\"@id\":\"https:\/\/www.panorama-plus.pl\/sklep\/produkt\/hala-8-x-20-x-30-blacha\/#breadcrumb\"},\"inLanguage\":\"pl-PL\",\"potentialAction\":[{\"@type\":\"ReadAction\",\"target\":[\"https:\/\/www.panorama-plus.pl\/sklep\/produkt\/hala-8-x-20-x-30-blacha\/\"]}]},{\"@type\":\"ImageObject\",\"inLanguage\":\"pl-PL\",\"@id\":\"https:\/\/www.panorama-plus.pl\/sklep\/produkt\/hala-8-x-20-x-30-blacha\/#primaryimage\",\"url\":\"https:\/\/www.panorama-plus.pl\/sklep\/wp-content\/uploads\/hala-8-x-20-x-30-blacha.jpg\",\"contentUrl\":\"https:\/\/www.panorama-plus.pl\/sklep\/wp-content\/uploads\/hala-8-x-20-x-30-blacha.jpg\",\"width\":900,\"height\":900},{\"@type\":\"BreadcrumbList\",\"@id\":\"https:\/\/www.panorama-plus.pl\/sklep\/produkt\/hala-8-x-20-x-30-blacha\/#breadcrumb\",\"itemListElement\":[{\"@type\":\"ListItem\",\"position\":1,\"name\":\"Strona g\u0142\u00f3wna\",\"item\":\"https:\/\/www.panorama-plus.pl\/sklep\/\"},{\"@type\":\"ListItem\",\"position\":2,\"name\":\"Produkty\",\"item\":\"https:\/\/www.panorama-plus.pl\/sklep\/produkty\/\"},{\"@type\":\"ListItem\",\"position\":3,\"name\":\"Hala 8 x 20 x 3,0 Blacha\"}]},{\"@type\":\"WebSite\",\"@id\":\"https:\/\/www.panorama-plus.pl\/sklep\/#website\",\"url\":\"https:\/\/www.panorama-plus.pl\/sklep\/\",\"name\":\"PanoramaPlus Sklep\",\"description\":\"\",\"publisher\":{\"@id\":\"https:\/\/www.panorama-plus.pl\/sklep\/#organization\"},\"potentialAction\":[{\"@type\":\"SearchAction\",\"target\":{\"@type\":\"EntryPoint\",\"urlTemplate\":\"https:\/\/www.panorama-plus.pl\/sklep\/?s={search_term_string}\"},\"query-input\":{\"@type\":\"PropertyValueSpecification\",\"valueRequired\":true,\"valueName\":\"search_term_string\"}}],\"inLanguage\":\"pl-PL\"},{\"@type\":\"Organization\",\"@id\":\"https:\/\/www.panorama-plus.pl\/sklep\/#organization\",\"name\":\"PanoramaPlus Sklep\",\"url\":\"https:\/\/www.panorama-plus.pl\/sklep\/\",\"logo\":{\"@type\":\"ImageObject\",\"inLanguage\":\"pl-PL\",\"@id\":\"https:\/\/www.panorama-plus.pl\/sklep\/#\/schema\/logo\/image\/\",\"url\":\"https:\/\/www.panorama-plus.pl\/sklep\/wp-content\/uploads\/cropped-logo_kolor.png\",\"contentUrl\":\"https:\/\/www.panorama-plus.pl\/sklep\/wp-content\/uploads\/cropped-logo_kolor.png\",\"width\":1318,\"height\":393,\"caption\":\"PanoramaPlus Sklep\"},\"image\":{\"@id\":\"https:\/\/www.panorama-plus.pl\/sklep\/#\/schema\/logo\/image\/\"}}]}<\/script>\n<!-- \/ Yoast SEO plugin. -->","yoast_head_json":{"title":"Hala 8 x 20 x 3,0 Blacha - PanoramaPlus Sklep","robots":{"index":"index","follow":"follow","max-snippet":"max-snippet:-1","max-image-preview":"max-image-preview:large","max-video-preview":"max-video-preview:-1"},"canonical":"https:\/\/www.panorama-plus.pl\/sklep\/produkt\/hala-8-x-20-x-30-blacha\/","og_locale":"pl_PL","og_type":"article","og_title":"Hala 8 x 20 x 3,0 Blacha - PanoramaPlus Sklep","og_description":"Podana cena zawiera 1szt rolowania.  Do ceny nale\u017cy doliczy\u0107 podatek VAT.","og_url":"https:\/\/www.panorama-plus.pl\/sklep\/produkt\/hala-8-x-20-x-30-blacha\/","og_site_name":"PanoramaPlus Sklep","article_modified_time":"2024-10-01T11:01:39+00:00","og_image":[{"width":900,"height":900,"url":"https:\/\/www.panorama-plus.pl\/sklep\/wp-content\/uploads\/hala-8-x-20-x-30-blacha.jpg","type":"image\/jpeg"}],"twitter_card":"summary_large_image","twitter_misc":{"Szacowany czas czytania":"1 minuta"},"schema":{"@context":"https:\/\/schema.org","@graph":[{"@type":"WebPage","@id":"https:\/\/www.panorama-plus.pl\/sklep\/produkt\/hala-8-x-20-x-30-blacha\/","url":"https:\/\/www.panorama-plus.pl\/sklep\/produkt\/hala-8-x-20-x-30-blacha\/","name":"Hala 8 x 20 x 3,0 Blacha - PanoramaPlus Sklep","isPartOf":{"@id":"https:\/\/www.panorama-plus.pl\/sklep\/#website"},"primaryImageOfPage":{"@id":"https:\/\/www.panorama-plus.pl\/sklep\/produkt\/hala-8-x-20-x-30-blacha\/#primaryimage"},"image":{"@id":"https:\/\/www.panorama-plus.pl\/sklep\/produkt\/hala-8-x-20-x-30-blacha\/#primaryimage"},"thumbnailUrl":"https:\/\/www.panorama-plus.pl\/sklep\/wp-content\/uploads\/hala-8-x-20-x-30-blacha.jpg","datePublished":"2024-10-01T07:20:41+00:00","dateModified":"2024-10-01T11:01:39+00:00","breadcrumb":{"@id":"https:\/\/www.panorama-plus.pl\/sklep\/produkt\/hala-8-x-20-x-30-blacha\/#breadcrumb"},"inLanguage":"pl-PL","potentialAction":[{"@type":"ReadAction","target":["https:\/\/www.panorama-plus.pl\/sklep\/produkt\/hala-8-x-20-x-30-blacha\/"]}]},{"@type":"ImageObject","inLanguage":"pl-PL","@id":"https:\/\/www.panorama-plus.pl\/sklep\/produkt\/hala-8-x-20-x-30-blacha\/#primaryimage","url":"https:\/\/www.panorama-plus.pl\/sklep\/wp-content\/uploads\/hala-8-x-20-x-30-blacha.jpg","contentUrl":"https:\/\/www.panorama-plus.pl\/sklep\/wp-content\/uploads\/hala-8-x-20-x-30-blacha.jpg","width":900,"height":900},{"@type":"BreadcrumbList","@id":"https:\/\/www.panorama-plus.pl\/sklep\/produkt\/hala-8-x-20-x-30-blacha\/#breadcrumb","itemListElement":[{"@type":"ListItem","position":1,"name":"Strona g\u0142\u00f3wna","item":"https:\/\/www.panorama-plus.pl\/sklep\/"},{"@type":"ListItem","position":2,"name":"Produkty","item":"https:\/\/www.panorama-plus.pl\/sklep\/produkty\/"},{"@type":"ListItem","position":3,"name":"Hala 8 x 20 x 3,0 Blacha"}]},{"@type":"WebSite","@id":"https:\/\/www.panorama-plus.pl\/sklep\/#website","url":"https:\/\/www.panorama-plus.pl\/sklep\/","name":"PanoramaPlus Sklep","description":"","publisher":{"@id":"https:\/\/www.panorama-plus.pl\/sklep\/#organization"},"potentialAction":[{"@type":"SearchAction","target":{"@type":"EntryPoint","urlTemplate":"https:\/\/www.panorama-plus.pl\/sklep\/?s={search_term_string}"},"query-input":{"@type":"PropertyValueSpecification","valueRequired":true,"valueName":"search_term_string"}}],"inLanguage":"pl-PL"},{"@type":"Organization","@id":"https:\/\/www.panorama-plus.pl\/sklep\/#organization","name":"PanoramaPlus Sklep","url":"https:\/\/www.panorama-plus.pl\/sklep\/","logo":{"@type":"ImageObject","inLanguage":"pl-PL","@id":"https:\/\/www.panorama-plus.pl\/sklep\/#\/schema\/logo\/image\/","url":"https:\/\/www.panorama-plus.pl\/sklep\/wp-content\/uploads\/cropped-logo_kolor.png","contentUrl":"https:\/\/www.panorama-plus.pl\/sklep\/wp-content\/uploads\/cropped-logo_kolor.png","width":1318,"height":393,"caption":"PanoramaPlus Sklep"},"image":{"@id":"https:\/\/www.panorama-plus.pl\/sklep\/#\/schema\/logo\/image\/"}}]}},"uagb_featured_image_src":{"full":["https:\/\/www.panorama-plus.pl\/sklep\/wp-content\/uploads\/hala-8-x-20-x-30-blacha.jpg",900,900,false],"thumbnail":["https:\/\/www.panorama-plus.pl\/sklep\/wp-content\/uploads\/hala-8-x-20-x-30-blacha-150x150.jpg",150,150,true],"medium":["https:\/\/www.panorama-plus.pl\/sklep\/wp-content\/uploads\/hala-8-x-20-x-30-blacha-300x300.jpg",300,300,true],"medium_large":["https:\/\/www.panorama-plus.pl\/sklep\/wp-content\/uploads\/hala-8-x-20-x-30-blacha-768x768.jpg",768,768,true],"large":["https:\/\/www.panorama-plus.pl\/sklep\/wp-content\/uploads\/hala-8-x-20-x-30-blacha.jpg",900,900,false],"1536x1536":["https:\/\/www.panorama-plus.pl\/sklep\/wp-content\/uploads\/hala-8-x-20-x-30-blacha.jpg",900,900,false],"2048x2048":["https:\/\/www.panorama-plus.pl\/sklep\/wp-content\/uploads\/hala-8-x-20-x-30-blacha.jpg",900,900,false],"woocommerce_thumbnail":["https:\/\/www.panorama-plus.pl\/sklep\/wp-content\/uploads\/hala-8-x-20-x-30-blacha-300x300.jpg",300,300,true],"woocommerce_single":["https:\/\/www.panorama-plus.pl\/sklep\/wp-content\/uploads\/hala-8-x-20-x-30-blacha-600x600.jpg",600,600,true],"woocommerce_gallery_thumbnail":["https:\/\/www.panorama-plus.pl\/sklep\/wp-content\/uploads\/hala-8-x-20-x-30-blacha-100x100.jpg",100,100,true]},"uagb_author_info":{"display_name":"adminMR","author_link":"https:\/\/www.panorama-plus.pl\/sklep\/author\/"},"uagb_comment_info":0,"uagb_excerpt":"Podana cena zawiera 1szt rolowania. Do ceny nale\u017cy doliczy\u0107 podatek VAT.","_links":{"self":[{"href":"https:\/\/www.panorama-plus.pl\/sklep\/wp-json\/wp\/v2\/product\/2051","targetHints":{"allow":["GET"]}}],"collection":[{"href":"https:\/\/www.panorama-plus.pl\/sklep\/wp-json\/wp\/v2\/product"}],"about":[{"href":"https:\/\/www.panorama-plus.pl\/sklep\/wp-json\/wp\/v2\/types\/product"}],"wp:featuredmedia":[{"embeddable":true,"href":"https:\/\/www.panorama-plus.pl\/sklep\/wp-json\/wp\/v2\/media\/2053"}],"wp:attachment":[{"href":"https:\/\/www.panorama-plus.pl\/sklep\/wp-json\/wp\/v2\/media?parent=2051"}],"wp:term":[{"taxonomy":"product_cat","embeddable":true,"href":"https:\/\/www.panorama-plus.pl\/sklep\/wp-json\/wp\/v2\/product_cat?post=2051"},{"taxonomy":"product_tag","embeddable":true,"href":"https:\/\/www.panorama-plus.pl\/sklep\/wp-json\/wp\/v2\/product_tag?post=2051"}],"curies":[{"name":"wp","href":"https:\/\/api.w.org\/{rel}","templated":true}]}}